{"id":4983,"date":"2021-06-15T15:35:48","date_gmt":"2021-06-15T20:35:48","guid":{"rendered":"https:\/\/sendahotels.com\/?page_id=4983"},"modified":"2025-08-31T22:44:10","modified_gmt":"2025-09-01T03:44:10","slug":"condiciones-generales-de-uso","status":"publish","type":"page","link":"https:\/\/new.sendahotels.com\/es\/condiciones-generales-de-uso\/","title":{"rendered":"Condiciones Generales de Uso"},"content":{"rendered":"<div class=\"editor-content\">\t\t<div data-elementor-type=\"wp-page\" data-elementor-id=\"4983\" class=\"elementor elementor-4983\" data-elementor-post-type=\"page\">\n\t\t\t\t<div class=\"elementor-element elementor-element-bdc711b e-flex e-con-boxed e-con e-parent\" data-id=\"bdc711b\" data-element_type=\"container\" data-e-type=\"container\">\n\t\t\t\t\t<div class=\"e-con-inner\">\n\t\t\t\t<div class=\"elementor-element elementor-element-0dcea83 elementor-widget elementor-widget-image\" data-id=\"0dcea83\" data-element_type=\"widget\" data-e-type=\"widget\" data-widget_type=\"image.default\">\n\t\t\t\t<div class=\"elementor-widget-container\">\n\t\t\t\t\t\t\t\t\t\t\t\t\t\t\t\t<a href=\"https:\/\/new.sendahotels.com\/es\/\">\n\t\t\t\t\t\t\t<img fetchpriority=\"high\" decoding=\"async\" width=\"512\" height=\"439\" src=\"https:\/\/new.sendahotels.com\/wp-content\/uploads\/2025\/07\/LOGO2025-2.jpg\" class=\"attachment-full size-full wp-image-25145\" alt=\"LOGO\" srcset=\"https:\/\/new.sendahotels.com\/wp-content\/uploads\/2025\/07\/LOGO2025-2.jpg 512w, https:\/\/new.sendahotels.com\/wp-content\/uploads\/2025\/07\/LOGO2025-2-300x257.jpg 300w\" sizes=\"(max-width: 512px) 100vw, 512px\">\t\t\t\t\t\t\t\t<\/a>\n\t\t\t\t\t\t\t\t\t\t\t\t\t\t\t<\/div>\n\t\t\t\t<\/div>\n\t\t\t\t\t<\/div>\n\t\t\t\t<\/div>\n\t\t<div class=\"elementor-element elementor-element-4fc38bc1 e-flex e-con-boxed e-con e-parent\" data-id=\"4fc38bc1\" data-element_type=\"container\" data-e-type=\"container\">\n\t\t\t\t\t<div class=\"e-con-inner\">\n\t\t\t\t<div class=\"elementor-element elementor-element-185cdb19 elementor-widget elementor-widget-text-editor\" data-id=\"185cdb19\" data-element_type=\"widget\" data-e-type=\"widget\" data-widget_type=\"text-editor.default\">\n\t\t\t\t<div class=\"elementor-widget-container\">\n\t\t\t\t\t\t\t\t\tLos presentes Condiciones Generales de Uso regular\u00e1n la prestaci\u00f3n de los servicios Las pl\u00e9yades comercializadora internacional Ltda. (en adelante, Senda Hotels) prestar\u00e1 a trav\u00e9s del presente Sitio Web (en adelante, el Sitio Web). Los datos de OL\u00c9 COLOMBIA son los siguientes:\n<ul>\n \t<li><strong>Titular:<\/strong> Las pl\u00e9yades comercializadoras internacional Ltda.<\/li>\n \t<li><strong>NIT:<\/strong> 900228195-2<\/li>\n \t<li><strong>Domicilio:<\/strong> Calle 15 #3-74 Centro hist\u00f3rico de Santa Marta, Colombia<\/li>\n \t<li><strong>Email de contacto:<\/strong> santamarta.v@gmail.com<\/li>\n<\/ul>\n<h3 style=\"font-family: Playfair Display;\"><strong>1.- Aceptaci\u00f3n de las condiciones generales de uso y acceso al sitio web<\/strong><\/h3>\n<p>\nAl contratar los servicios del Sitio Web, los Usuarios aceptan las presentes Condiciones Generales de Uso, las cuales definen los derechos y obligaciones de Senda Hotels y los Usuarios en el marco del Sitio Web.\n<\/p>\n<p>\nEstas son las \u00fanicas Condiciones Generales de Uso aplicables al uso del Sitio Web (sin perjuicio de que para determinados servicios podr\u00edan existir condiciones particulares) y a la contrataci\u00f3n de los servicios, y sustituyen a cualesquiera otras condiciones, salvo previo acuerdo y por escrito entre Senda Hotels y el Usuario.\n<\/p>\n<p>\nPara el acceso al Sitio Web no se requerir\u00e1 el registro de los Usuarios. Sin embargo, para poder contratar los servicios ofrecidos por Senda Hotels, se requerir\u00e1 el registro del Usuario y la aceptaci\u00f3n de estas condiciones antes de formalizar el pago correspondiente.\n<\/p>\n\n<h3 style=\"font-family: Playfair Display;\"><strong>2.- Objeto del sitio web<\/strong><\/h3>\n<p>\nSenda Hotels ha desarrollado el presente Sitio Web para ofrecer a los Usuarios un servicio de reserva de actividades, excursiones, circuitos y visitas guiadas en Colombia.\n<\/p>\n<p>\nSenda Hotels le informa que las actividades, excursiones, circuitos y las visitas guiadas, as\u00ed como los traslados son servicios proporcionados directamente por terceras empresas colaboradoras de Senda Hotels (en adelante, los Proveedores). Por lo tanto, Senda Hotels se limita exclusivamente a ofrecer a trav\u00e9s del Sitio Web un servicio de reserva de actividades, excursiones, circuitos, visitas guiadas y traslados en Colombia, los cuales son ejecutados directamente por los Proveedores.\n<\/p>\n\n<h3 style=\"font-family: Playfair Display;\"><strong>3.- Reserva en Senda Hotels y registro en el sitio web<\/strong><\/h3>\n<p>\nPara poder realizar las reservas a trav\u00e9s del Sitio Web, los Usuarios tendr\u00e1n que facilitar sus datos personales (nombre, apellidos, e-mail, tel\u00e9fono y m\u00f3vil), o en su caso los datos de la persona en nombre de la cual se reserva la actividad, excursi\u00f3n, circuito, visita guiada, as\u00ed como los traslados, con el fin de que Senda Hotels pueda realizar la reserva solicitada por el Usuario.\n<\/p>\n<p>\nEn virtud de estas Condiciones Generales de Uso, los Usuarios declaran facilitar datos ver\u00eddicos, exactos, actuales y completos sobre su identidad, o en su caso sobre la persona en nombre de la cual se reserva la actividad o el traslado. En este sentido, los Usuarios ser\u00e1n responsables de la exactitud de los datos facilitados a Senda Hotels y de cualquier consecuencia que se pudiera derivar de los errores en la informaci\u00f3n proporcionada.\n<\/p>\n\n<h3 style=\"font-family: Playfair Display;\"><strong>4.- Condiciones espec\u00edficas sobre la reserva de actividades, excursiones y visitas guiadas<\/strong><\/h3>\n<p>\nLas reservas que cada Usuario realice a trav\u00e9s del Sitio Web est\u00e1n sujetas a las condiciones espec\u00edficas que le sean de aplicaci\u00f3n a cada actividad, excursi\u00f3n, circuito o visita guiada. El Usuario podr\u00e1 encontrar estas condiciones en la ficha de descripci\u00f3n del Sitio Web para cada uno de estos servicios, as\u00ed como en el email de confirmaci\u00f3n que le env\u00ede Senda Hotels una vez haya realizado la reserva.\n<\/p>\n\n<h3 style=\"font-family: Playfair Display;\"><strong>5.- Condiciones econ\u00f3micas de contrataci\u00f3n<\/strong><\/h3>\n<p>\nLa contrataci\u00f3n de la reserva de los servicios de Senda Hotels se entender\u00e1 formalizada una vez que los Usuarios hayan completado y aceptado el formulario de reserva de la actividad o del circuito.\n<\/p>\n<p>\nLos precios ser\u00e1n los indicados por Senda Hotels en el momento de la reserva de la actividad o circuito que haya escogido el Usuario. Por lo general, Senda Hotels realiza el cobro completo a trav\u00e9s del Sitio Web de la actividad, excursi\u00f3n, visita guiada, circuito y\/o del traslado reservado por el Usuario. No obstante, hay determinados servicios cuyos Proveedores permiten que, en el momento de la reserva, el Usuario pague una parte del total del servicio y que, en el momento de disfrutar la actividad, excursi\u00f3n, visita guiada, circuito o traslado, el Usuario efect\u00fae el pago de la cantidad restante.\n<\/p>\n<p>\nEstos precios se expresan en pesos, incluyendo los impuestos, y el importe total se indicar\u00e1 en el momento de la confirmaci\u00f3n definitiva de la contrataci\u00f3n del servicio. El pago podr\u00e1 ser realizado mediante tarjeta bancaria de cr\u00e9dito o d\u00e9bito (Visa o Mastercard) Redsys o iupay.\n<\/p>\n<p>\nPor lo general, Senda Hotels no aplicar\u00e1 descuentos en la prestaci\u00f3n de sus servicios, a menos que as\u00ed se establezca en las condiciones de la actividad, excursi\u00f3n, visita guiada, circuito y\/o traslado que corresponda.\n<\/p>\n<p>\nTras la contrataci\u00f3n de la reserva, los Usuarios recibir\u00e1n un correo electr\u00f3nico de confirmaci\u00f3n en donde se le confirmar\u00e1 el cobro del servicio contratado.\n<\/p>\n\n<h3 style=\"font-family: Playfair Display;\"><strong>6.- Pol\u00edtica de cancelaciones<\/strong><\/h3>\n<p>\nCada uno de los servicios promocionados por Senda Hotels en el Sitio Web (actividades, excursiones, visitas guiadas, traslados, circuitos) cuenta con una pol\u00edtica de cancelaciones espec\u00edfica, que el Usuario podr\u00e1 consultar en el email de confirmaci\u00f3n que Senda Hotels le env\u00ede una vez haya realizado la reserva.\n<\/p>\n<p>\nEn definitiva, Senda Hotels gestionar\u00e1 las cancelaciones conforme lo dispuesto en la pol\u00edtica de cancelaci\u00f3n de cada actividad, excursi\u00f3n, visita guiada, circuito y\/o traslado.\n<\/p>\n\n<h3 style=\"font-family: Playfair Display;\"><strong>7.- Conducta en el sitio web<\/strong><\/h3>\n<p>\nLos Usuarios se comprometen a hacer un uso l\u00edcito, diligente, honesto y correcto de cuanta informaci\u00f3n o contenidos tengan acceso a trav\u00e9s del Sitio Web, y todo ello bajo los principios de la buena fe y respetando en todo momento a la legalidad vigente y a las presentes Condiciones Generales de Uso.\n<\/p>\n\n<h3 style=\"font-family: Playfair Display;\"><strong>8.- Opiniones, comentarios, comunicaciones y otros contenidos<\/strong><\/h3>\n<p>\nLos Usuarios que hayan reservado actividades, excursiones, visitas guiadas, circuitos y\/o traslados a trav\u00e9s de Senda Hotels podr\u00e1n publicar sus opiniones y valoraciones en el Sitio Web.\n<\/p>\n\n<h3 style=\"font-family: Playfair Display;\"><strong>9.- Exclusi\u00f3n de responsabilidad<\/strong><\/h3>\n<p>\nA modo enunciativo, pero no limitativo, Senda Hotels no se hace responsable de las siguientes circunstancias:\n<\/p>\n\n<h3 style=\"font-family: Playfair Display;\"><strong>10.- Propiedad intelectual<\/strong><\/h3>\n<p>\nTodos los derechos sobre el contenido, dise\u00f1o y c\u00f3digo fuente de este Sitio Web son titularidad de Senda Hotels, o bien de terceros que han autorizado expresamente su uso.\n<\/p>\n\n<h3 style=\"font-family: Playfair Display;\"><strong>11.- Modificaciones<\/strong><\/h3>\n<p>\nSenda Hotels se reserva el derecho a realizar tantas modificaciones como considere oportunas en las presentes Condiciones Generales de Uso, en cuyo caso se les comunicar\u00e1 previamente a los Usuarios. Estas modificaciones ser\u00e1n v\u00e1lidas desde su publicaci\u00f3n en el Sitio Web.\n<\/p>\n\n<h3 style=\"font-family: Playfair Display;\"><strong>12.- Cl\u00e1usula de salvaguarda<\/strong><\/h3>\n<p>\nTodas las cl\u00e1usulas de estas Condiciones Generales de Uso deben ser interpretadas de forma independiente y aut\u00f3noma, no vi\u00e9ndose afectadas el resto en caso de que una haya sido declarada nula.\n<\/p>\n\n<h3 style=\"font-family: Playfair Display;\"><strong>13.- Fuero y legislaci\u00f3n aplicable<\/strong><\/h3>\n<p>\nLas presentes Condiciones Generales de Uso se regir\u00e1n por la legislaci\u00f3n espa\u00f1ola. En caso de litigio ser\u00e1n competentes los Juzgados y Tribunales del Usuario.\n<\/p>\n\t\t\t\t\t\t\t\t<\/div>\n\t\t\t\t<\/div>\n\t\t\t\t\t<\/div>\n\t\t\t\t<\/div>\n\t\t\t\t<\/div>\n\t\t<\/div>","protected":false},"excerpt":{"rendered":"<p>Los presentes Condiciones Generales de Uso regular\u00e1n la prestaci\u00f3n de los servicios Las pl\u00e9yades comercializadora internacional Ltda. (en adelante, Senda Hotels) prestar\u00e1 a trav\u00e9s del presente Sitio Web (en adelante, el Sitio Web). Los datos de OL\u00c9 COLOMBIA son los siguientes: Titular: Las pl\u00e9yades comercializadoras internacional Ltda. NIT: 900228195-2 Domicilio: Calle 15 #3-74 Centro hist\u00f3rico [&hellip;]<\/p>\n","protected":false},"author":1,"featured_media":0,"parent":0,"menu_order":0,"comment_status":"closed","ping_status":"closed","template":"","meta":{"_acf_changed":false,"footnotes":""},"class_list":["post-4983","page","type-page","status-publish","hentry"],"acf":[],"yoast_head":"<!-- This site is optimized with the Yoast SEO plugin v27.3 - https:\/\/yoast.com\/product\/yoast-seo-wordpress\/ -->\n<title>Condiciones Generales de Uso - Hoteles Senda<\/title>\n<meta name=\"robots\" content=\"noindex, follow, max-snippet:-1, max-image-preview:large, max-video-preview:-1\" \/>\n<meta property=\"og:locale\" content=\"es_ES\" \/>\n<meta property=\"og:type\" content=\"article\" \/>\n<meta property=\"og:title\" content=\"Condiciones Generales de Uso - Hoteles Senda\" \/>\n<meta property=\"og:description\" content=\"Los presentes Condiciones Generales de Uso regular\u00e1n la prestaci\u00f3n de los servicios Las pl\u00e9yades comercializadora internacional Ltda. (en adelante, Senda Hotels) prestar\u00e1 a trav\u00e9s del presente Sitio Web (en adelante, el Sitio Web). Los datos de OL\u00c9 COLOMBIA son los siguientes: Titular: Las pl\u00e9yades comercializadoras internacional Ltda. NIT: 900228195-2 Domicilio: Calle 15 #3-74 Centro hist\u00f3rico [&hellip;]\" \/>\n<meta property=\"og:url\" content=\"https:\/\/new.sendahotels.com\/es\/condiciones-generales-de-uso\/\" \/>\n<meta property=\"og:site_name\" content=\"Hoteles Senda\" \/>\n<meta property=\"article:modified_time\" content=\"2025-09-01T03:44:10+00:00\" \/>\n<meta property=\"og:image\" content=\"https:\/\/sendahotels.s3.amazonaws.com\/2025\/07\/LOGO2025-2.jpg\" \/>\n<meta name=\"twitter:card\" content=\"summary_large_image\" \/>\n<meta name=\"twitter:label1\" content=\"Est. reading time\" \/>\n\t<meta name=\"twitter:data1\" content=\"16 minutos\" \/>\n<script type=\"application\/ld+json\" class=\"yoast-schema-graph\">{\"@context\":\"https:\\\/\\\/schema.org\",\"@graph\":[{\"@type\":\"WebPage\",\"@id\":\"https:\\\/\\\/new.sendahotels.com\\\/es\\\/condiciones-generales-de-uso\\\/\",\"url\":\"https:\\\/\\\/new.sendahotels.com\\\/es\\\/condiciones-generales-de-uso\\\/\",\"name\":\"Condiciones Generales de Uso - Hoteles Senda\",\"isPartOf\":{\"@id\":\"https:\\\/\\\/new.sendahotels.com\\\/es\\\/#website\"},\"primaryImageOfPage\":{\"@id\":\"https:\\\/\\\/new.sendahotels.com\\\/es\\\/condiciones-generales-de-uso\\\/#primaryimage\"},\"image\":{\"@id\":\"https:\\\/\\\/new.sendahotels.com\\\/es\\\/condiciones-generales-de-uso\\\/#primaryimage\"},\"thumbnailUrl\":\"https:\\\/\\\/sendahotels.s3.amazonaws.com\\\/2025\\\/07\\\/LOGO2025-2.jpg\",\"datePublished\":\"2021-06-15T20:35:48+00:00\",\"dateModified\":\"2025-09-01T03:44:10+00:00\",\"breadcrumb\":{\"@id\":\"https:\\\/\\\/new.sendahotels.com\\\/es\\\/condiciones-generales-de-uso\\\/#breadcrumb\"},\"inLanguage\":\"es\",\"potentialAction\":[{\"@type\":\"ReadAction\",\"target\":[\"https:\\\/\\\/new.sendahotels.com\\\/es\\\/condiciones-generales-de-uso\\\/\"]}]},{\"@type\":\"ImageObject\",\"inLanguage\":\"es\",\"@id\":\"https:\\\/\\\/new.sendahotels.com\\\/es\\\/condiciones-generales-de-uso\\\/#primaryimage\",\"url\":\"https:\\\/\\\/sendahotels.s3.amazonaws.com\\\/2025\\\/07\\\/LOGO2025-2.jpg\",\"contentUrl\":\"https:\\\/\\\/sendahotels.s3.amazonaws.com\\\/2025\\\/07\\\/LOGO2025-2.jpg\"},{\"@type\":\"BreadcrumbList\",\"@id\":\"https:\\\/\\\/new.sendahotels.com\\\/es\\\/condiciones-generales-de-uso\\\/#breadcrumb\",\"itemListElement\":[{\"@type\":\"ListItem\",\"position\":1,\"name\":\"Portada\",\"item\":\"https:\\\/\\\/new.sendahotels.com\\\/es\\\/home\\\/\"},{\"@type\":\"ListItem\",\"position\":2,\"name\":\"Condiciones Generales de Uso\"}]},{\"@type\":\"WebSite\",\"@id\":\"https:\\\/\\\/new.sendahotels.com\\\/es\\\/#website\",\"url\":\"https:\\\/\\\/new.sendahotels.com\\\/es\\\/\",\"name\":\"Hoteles Senda\",\"description\":\"\",\"potentialAction\":[{\"@type\":\"SearchAction\",\"target\":{\"@type\":\"EntryPoint\",\"urlTemplate\":\"https:\\\/\\\/new.sendahotels.com\\\/es\\\/?s={search_term_string}\"},\"query-input\":{\"@type\":\"PropertyValueSpecification\",\"valueRequired\":true,\"valueName\":\"search_term_string\"}}],\"inLanguage\":\"es\"}]}<\/script>\n<!-- \/ Yoast SEO plugin. -->","yoast_head_json":{"title":"Condiciones Generales de Uso - Hoteles Senda","robots":{"index":"noindex","follow":"follow","max-snippet":"max-snippet:-1","max-image-preview":"max-image-preview:large","max-video-preview":"max-video-preview:-1"},"og_locale":"es_ES","og_type":"article","og_title":"Condiciones Generales de Uso - Hoteles Senda","og_description":"Los presentes Condiciones Generales de Uso regular\u00e1n la prestaci\u00f3n de los servicios Las pl\u00e9yades comercializadora internacional Ltda. (en adelante, Senda Hotels) prestar\u00e1 a trav\u00e9s del presente Sitio Web (en adelante, el Sitio Web). Los datos de OL\u00c9 COLOMBIA son los siguientes: Titular: Las pl\u00e9yades comercializadoras internacional Ltda. NIT: 900228195-2 Domicilio: Calle 15 #3-74 Centro hist\u00f3rico [&hellip;]","og_url":"https:\/\/new.sendahotels.com\/es\/condiciones-generales-de-uso\/","og_site_name":"Hoteles Senda","article_modified_time":"2025-09-01T03:44:10+00:00","og_image":[{"url":"https:\/\/sendahotels.s3.amazonaws.com\/2025\/07\/LOGO2025-2.jpg","type":"","width":"","height":""}],"twitter_card":"summary_large_image","twitter_misc":{"Est. reading time":"16 minutos"},"schema":{"@context":"https:\/\/schema.org","@graph":[{"@type":"WebPage","@id":"https:\/\/new.sendahotels.com\/es\/condiciones-generales-de-uso\/","url":"https:\/\/new.sendahotels.com\/es\/condiciones-generales-de-uso\/","name":"Condiciones Generales de Uso - Hoteles Senda","isPartOf":{"@id":"https:\/\/new.sendahotels.com\/es\/#website"},"primaryImageOfPage":{"@id":"https:\/\/new.sendahotels.com\/es\/condiciones-generales-de-uso\/#primaryimage"},"image":{"@id":"https:\/\/new.sendahotels.com\/es\/condiciones-generales-de-uso\/#primaryimage"},"thumbnailUrl":"https:\/\/sendahotels.s3.amazonaws.com\/2025\/07\/LOGO2025-2.jpg","datePublished":"2021-06-15T20:35:48+00:00","dateModified":"2025-09-01T03:44:10+00:00","breadcrumb":{"@id":"https:\/\/new.sendahotels.com\/es\/condiciones-generales-de-uso\/#breadcrumb"},"inLanguage":"es","potentialAction":[{"@type":"ReadAction","target":["https:\/\/new.sendahotels.com\/es\/condiciones-generales-de-uso\/"]}]},{"@type":"ImageObject","inLanguage":"es","@id":"https:\/\/new.sendahotels.com\/es\/condiciones-generales-de-uso\/#primaryimage","url":"https:\/\/sendahotels.s3.amazonaws.com\/2025\/07\/LOGO2025-2.jpg","contentUrl":"https:\/\/sendahotels.s3.amazonaws.com\/2025\/07\/LOGO2025-2.jpg"},{"@type":"BreadcrumbList","@id":"https:\/\/new.sendahotels.com\/es\/condiciones-generales-de-uso\/#breadcrumb","itemListElement":[{"@type":"ListItem","position":1,"name":"Portada","item":"https:\/\/new.sendahotels.com\/es\/home\/"},{"@type":"ListItem","position":2,"name":"Condiciones Generales de Uso"}]},{"@type":"WebSite","@id":"https:\/\/new.sendahotels.com\/es\/#website","url":"https:\/\/new.sendahotels.com\/es\/","name":"Hoteles Senda","description":"","potentialAction":[{"@type":"SearchAction","target":{"@type":"EntryPoint","urlTemplate":"https:\/\/new.sendahotels.com\/es\/?s={search_term_string}"},"query-input":{"@type":"PropertyValueSpecification","valueRequired":true,"valueName":"search_term_string"}}],"inLanguage":"es"}]}},"_links":{"self":[{"href":"https:\/\/new.sendahotels.com\/es\/wp-json\/wp\/v2\/pages\/4983","targetHints":{"allow":["GET"]}}],"collection":[{"href":"https:\/\/new.sendahotels.com\/es\/wp-json\/wp\/v2\/pages"}],"about":[{"href":"https:\/\/new.sendahotels.com\/es\/wp-json\/wp\/v2\/types\/page"}],"author":[{"embeddable":true,"href":"https:\/\/new.sendahotels.com\/es\/wp-json\/wp\/v2\/users\/1"}],"replies":[{"embeddable":true,"href":"https:\/\/new.sendahotels.com\/es\/wp-json\/wp\/v2\/comments?post=4983"}],"version-history":[{"count":0,"href":"https:\/\/new.sendahotels.com\/es\/wp-json\/wp\/v2\/pages\/4983\/revisions"}],"wp:attachment":[{"href":"https:\/\/new.sendahotels.com\/es\/wp-json\/wp\/v2\/media?parent=4983"}],"curies":[{"name":"wp","href":"https:\/\/api.w.org\/{rel}","templated":true}]}}