{"id":25087,"date":"2025-07-15T23:24:16","date_gmt":"2025-07-16T04:24:16","guid":{"rendered":"https:\/\/new.sendahotels.com\/?page_id=25087"},"modified":"2026-03-23T23:05:59","modified_gmt":"2026-03-24T04:05:59","slug":"proyectos-comunitarios","status":"publish","type":"page","link":"https:\/\/new.sendahotels.com\/es\/proyectos-comunitarios\/","title":{"rendered":"Proyectos Comunitarios"},"content":{"rendered":"<div class=\"editor-content\">\t\t<div data-elementor-type=\"wp-page\" data-elementor-id=\"25087\" class=\"elementor elementor-25087\" data-elementor-post-type=\"page\">\n\t\t\t\t<div class=\"elementor-element elementor-element-b72beab e-flex e-con-boxed e-con e-parent\" data-id=\"b72beab\" data-element_type=\"container\" data-e-type=\"container\" data-settings='{\"background_background\":\"classic\"}'>\n\t\t\t\t\t<div class=\"e-con-inner\">\n\t\t\t\t<div class=\"elementor-element elementor-element-a943722 elementor-widget elementor-widget-heading\" data-id=\"a943722\" data-element_type=\"widget\" data-e-type=\"widget\" data-widget_type=\"heading.default\">\n\t\t\t\t<div class=\"elementor-widget-container\">\n\t\t\t\t\t<h1 class=\"elementor-heading-title elementor-size-default\">Hoteles Senda Proyectos Comunitarios<\/h1>\t\t\t\t<\/div>\n\t\t\t\t<\/div>\n\t\t\t\t<div class=\"elementor-element elementor-element-9f65cd6 elementor-widget elementor-widget-shortcode\" data-id=\"9f65cd6\" data-element_type=\"widget\" data-e-type=\"widget\" data-widget_type=\"shortcode.default\">\n\t\t\t\t<div class=\"elementor-widget-container\">\n\t\t\t\t\t\t\t<div class=\"elementor-shortcode\"><style>.yith-wcbk-booking-search-form-345, .yith_wcbk_booking_search_form_widget-345{background: transparent !important; color: #333333 !important} .yith-wcbk-booking-search-form-345 .yith-wcbk-booking-search-form-submit{background: #3b4b56 !important; color: #ffffff !important; border-radius: 5px 5px 5px 5px !important} .yith-wcbk-booking-search-form-345 .yith-wcbk-booking-search-form-submit:hover{background: #2e627c !important; color: #ffffff !important}<\/style><div class=\"container-yith-wcbk-booking-search-form\">\n    \n    <div class=\"yith-wcbk-booking-search-form yith-wcbk-booking-search-form-345 default show-results-shop\" data-search-form-id=\"345\" data-search-form-result=\"#yith-wcbk-booking-search-form-result-345\">\n        <form class=\" search-booking\" method=\"get\" enctype=\"multipart\/form-data\" action=\"https:\/\/reserva.sendahotels.com\/es\/\">\n            <input type=\"hidden\" name=\"layout\" value=\"room\">\n\n            <!-- <div class=\"yith-wcbk-booking-search-form-tables\"> -->\n                         <div class=\"yith-wcbk-booking-search-form-row-categories form-group \">\n            <div class=\"icon\">\n                    <i class=\"fa fa-building\" aria-hidden=\"true\"><\/i>\n            <\/div>\n            <div class=\"input-group\">\n                <label class=\"yith-wcbk-booking-search-form-label\">\n                    Hoteles                <\/label>\n                <select placeholder=\"Hoteles\" name=\"hotels[]\" class=\"yith-wcbk-booking-categories form-control\">\n                    <option value=\"\" selected>Todos los Hoteles<\/option>\n                                                                    <option value=\"26\">Senda Casa Tayrona Los Naranjos<\/option>\n                                                                    <option value=\"45\">Senda Koguiwa<\/option>\n                                                                    <option value=\"55\">Senda Watapuy<\/option>\n                                                                    <option value=\"109\">Senda Kokkos Beach<\/option>\n                                                                    <option value=\"111\">Senda Beach House Tayrona<\/option>\n                                                                    <option hidden value=\"113\">Senda Terramia (Minca)<\/option>\n                                    <\/select>\n                <\/div>\n        <\/div>\n<div class=\"yith-wcbk-booking-search-form-row-start-date form-group search-form-date\">\n        <div class=\"icon\"><i class=\"fa fa-calendar-check-o\" aria-hidden=\"true\"><\/i><\/div>\n            <div class=\"input-group\">\n                 <label class=\"yith-wcbk-booking-search-form-label\">\n                    Fechas                    <\/label>\n                    <input type=\"text\" class=\"form-control date-range\" required value=\"\" placeholder=\"Check-in - Check-out\" readonly>\n                    <\/div>\n<\/div>\n<div class=\"d-none\">\n    <div class=\"yith-wcbk-booking-search-form-row-start-date form-group search-form-date\">\n        <label class=\"yith-wcbk-booking-search-form-label\">\n            Fecha de inicio        <\/label>\n        <!-- <div class=\"yith-wcbk-booking-search-form-input\"> -->\n        <div class=\"input-group\">\n                    <div class=\"icon\">\n                    <i class=\"fa fa-calendar-check-o\" aria-hidden=\"true\"><\/i>\n                    <\/div>\n            <div class=\"yith-wcbk-date-picker-wrapper yith-wcbk-clearfix\">\n\t<input type=\"text\" id=\"yith-wcbk-booking-search-form-date-day-start-date-345-1\" name=\"from\" class=\"yith-wcbk-date-picker yith-wcbk-booking-field yith-wcbk-booking-date yith-wcbk-booking-start-date form-control\" value=\"2026-04-09\" readonly data-min-date=\"+0D\" data-related-to=\"#yith-wcbk-booking-search-form-date-day-end-date-345-1\">\n\n\t<input type=\"text\" id=\"yith-wcbk-booking-search-form-date-day-start-date-345-1--formatted\" class=\"yith-wcbk-date-picker--formatted yith-wcbk-booking-field yith-wcbk-booking-date yith-wcbk-booking-start-date form-control\" value=\"\" readonly>\n\t<span class=\"yith-wcbk-booking-date-icon yith-icon yith-icon-calendar\"><\/span>\n<\/div>\n        <\/div>\n        <!-- <\/div> -->\n    <\/div>\n\n    <div class=\"yith-wcbk-booking-search-form-row-end-date form-group search-form-date\">\n        <label class=\"yith-wcbk-booking-search-form-label\">\n            Fecha de finalizaci\u00f3n        <\/label>\n        <!-- <div class=\"yith-wcbk-booking-search-form-input\"> -->\n        <div class=\"input-group\">\n                    <div class=\"icon\">\n                    <i class=\"fa fa-calendar-times-o\" aria-hidden=\"true\"><\/i>\n                    <\/div>\n            <div class=\"yith-wcbk-date-picker-wrapper yith-wcbk-clearfix\">\n\t<input type=\"text\" id=\"yith-wcbk-booking-search-form-date-day-end-date-345-1\" name=\"to\" class=\"yith-wcbk-date-picker yith-wcbk-booking-field yith-wcbk-booking-date yith-wcbk-booking-end-date form-control\" value=\"2026-04-10\" readonly data-min-date=\"+0D\" data-related-from=\"#yith-wcbk-booking-search-form-date-day-start-date-345-1\">\n\n\t<input type=\"text\" id=\"yith-wcbk-booking-search-form-date-day-end-date-345-1--formatted\" class=\"yith-wcbk-date-picker--formatted yith-wcbk-booking-field yith-wcbk-booking-date yith-wcbk-booking-end-date form-control\" value=\"\" readonly>\n\t<span class=\"yith-wcbk-booking-date-icon yith-icon yith-icon-calendar\"><\/span>\n<\/div>\n        <\/div>\n        <!-- <\/div> -->\n    <\/div>\n<\/div>\n\n\n<script type=\"text\/javascript\">\njQuery(function() {\n\n            var disabledDates = [];\n    \n    \/\/ var disabledDates = [];\n\n\n\n    moment.locale('es');\n\n    var format = 'YYYY-MM-DD';\n    var formatT = 'ddd, DD MMM';\n    var autoUpdateInput = false;\n\n    \n  jQuery('.date-range').daterangepicker({\n        autoUpdateInput: autoUpdateInput,\n        locale: {\n            format: formatT\n        },\n        autoApply: true,\n        minDate: moment(),\n        isInvalidDate: function(date) {\n            var formattedDate = date.format(format);\n            if(disabledDates.length > 0){\n                if (jQuery.inArray(formattedDate,disabledDates) !== -1) {\n                    return true;\n                }\n            }\n        },\n        isCustomDate : function(date) {\n            \/\/ console.log('test isCustomDate');\n            \/\/ if(date.date() == 10){\n            \/\/     return 'remove-disabled';\n            \/\/ }\n            \/\/ return ' aa ';\n            \/\/ console.log(jQuery(date.target).hasClass('in-range'));\n\n        },\n        \/\/ clickDate: function(e) {\n        \/\/     console.log('click date')\n        \/\/ }\n    }, function(start, end, label) {\n        \/\/ console.log(\"a date is selected\")\n    });\n\n  \n    \/\/ jQuery('.daterangepicker .available').on('click',function(e){\n    \/\/     e.preventDefault();\n    \/\/     console.log('available ')\n    \/\/ });\n\n\/\/    jQuery('.date-range').on('click.daterangepicker', function(ev){\n\/\/        console.log(jQuery(ev));\n\/\/        \/\/ var picker = jQuery(ev.target).data('daterangepicker');\n\/\/         \/\/ console.log(picker.startDate); \/\/ contains the selected start date\n\/\/         \/\/ console.log(picker.endDate); \/\/ contains the selected end date\n\/\/    });\n   jQuery('.date-range').on('apply.daterangepicker', function(ev, picker) {\n       \/\/ console.log('apply');\n       var startDate = picker.startDate.format(format);\n       jQuery('.yith-wcbk-booking-start-date').val(startDate);\n\n       var endDate = picker.endDate.format(format);\n       jQuery('.yith-wcbk-booking-end-date').val(endDate);\n\n       var rangeDateText = picker.startDate.format(formatT)+' - '+picker.endDate.format(formatT);\n       jQuery(this).val(rangeDateText);\n   });\n\n\/\/    jQuery('.drp-calendar .available').on('click.date', function(el) {\n\n\/\/         \/\/ if (!jQuery(e.target).hasClass('available')) return;\n\/\/        console.log('click date');\n\n\/\/        console.log(el);\n\/\/        \/\/ e.preventDefault()\n\n\/\/        \/\/ var obj = jQuery(this);\n\/\/        \/\/ console.log(obj)\n\/\/        return true;\n\/\/     });\n\/\/    jQuery('.date-range').on('change', function(ev, picker) {\n\/\/        \/\/ e.preventDefault();\n\/\/        console.log('change');\n\/\/     \/\/    var obj = jQuery(this);\n\/\/     \/\/    console.log(obj)\n\/\/     \/\/    return true;\n\/\/     });\n\n});\n<\/script>\n    \n        <div class=\"yith-wcbk-booking-search-form-row-person-types yith-wcbk-booking-search-form-row-person-type-346 form-group\">\n            <div class=\"icon\">\n                                            <i class=\"fa fa-user\" aria-hidden=\"true\"><\/i>\n                                <\/div>\n            <div class=\"input-group\">\n                <label class=\"yith-wcbk-booking-search-form-label\">\n                                        Hu\u00e9spedes                <\/label>\n\n                <!-- <div class=\"yith-wcbk-booking-search-form-input\"> -->\n                    <input placeholder=\"No. Personas\" type=\"number\" class=\"yith-wcbk-booking-person-types yith-wcbk-booking-field form-control\" name=\"person_types[346]\" min=\"0\" step=\"1\" data-person-type-id=\"346\" value=\"2\" required>\n                <!-- <\/div> -->\n            <\/div>\n        <\/div>\n            <div class=\"yith-wcbk-booking-search-form-row-person-types yith-wcbk-booking-search-form-row-person-type-coupon form-group\">\n        <div class=\"icon\">\n            <i class=\"fa fa-ticket\" aria-hidden=\"true\"><\/i>\n        <\/div>\n        <div class=\"input-group\">\n                <label class=\"yith-wcbk-booking-search-form-label\">\n                    Codigo Promocional                <\/label>\n                <input type=\"text\" class=\"form-control\" value=\"\" name=\"yith-wcbk-booking-coupon\" placeholder=\"Cup\u00f3n\">\n            <\/div>\n    <\/div>\n         <input type=\"hidden\" class=\"form-control\" value=\"\" name=\"origin\">\n<input type=\"hidden\" class=\"form-control\" value=\"USD\" name=\"current_currency\">\n                <input type=\"hidden\" name=\"lang\" value=\"es\">\n                <!-- <tr>\n                    <td colspan=\"2\"> -->\n                        <div class=\"action-submit\">\n                            <button type=\"submit\" data-autoload=\"\" class=\"button alt yith-wcbk-booking-search-form-submit btn btn-default\">Buscar<\/button>\n                        <\/div>\n                                            <!-- <\/td>\n                <\/tr> -->\n            <!-- <\/div> -->\n\n                    <\/form>\n    <\/div>\n<\/div>\n<\/div>\n\t\t\t\t\t\t<\/div>\n\t\t\t\t<\/div>\n\t\t\t\t\t<\/div>\n\t\t\t\t<\/div>\n\t\t<div class=\"elementor-element elementor-element-49ed369 e-flex e-con-boxed e-con e-parent\" data-id=\"49ed369\" data-element_type=\"container\" data-e-type=\"container\">\n\t\t\t\t\t<div class=\"e-con-inner\">\n\t\t\t\t<div class=\"elementor-element elementor-element-8d83785 elementor-widget elementor-widget-heading\" data-id=\"8d83785\" data-element_type=\"widget\" data-e-type=\"widget\" data-widget_type=\"heading.default\">\n\t\t\t\t<div class=\"elementor-widget-container\">\n\t\t\t\t\t<h2 class=\"elementor-heading-title elementor-size-default\">Nuestro impacto socioambiental en el Parque Tayrona<\/h2>\t\t\t\t<\/div>\n\t\t\t\t<\/div>\n\t\t\t\t<div class=\"elementor-element elementor-element-7eca877 elementor-widget elementor-widget-text-editor\" data-id=\"7eca877\" data-element_type=\"widget\" data-e-type=\"widget\" data-widget_type=\"text-editor.default\">\n\t\t\t\t<div class=\"elementor-widget-container\">\n\t\t\t\t\t\t\t\t\t<p><span style=\"font-weight: 400;\">En <\/span><b>Senda Hotels<\/b><span style=\"font-weight: 400;\"> creemos que el turismo tambi\u00e9n puede ser una fuerza transformadora para las comunidades locales. Por eso, desarrollamos <\/span><b>proyectos comunitarios con enfoque social y ambiental<\/b><span style=\"font-weight: 400;\">, dise\u00f1ados para contribuir al bienestar de la regi\u00f3n y sus habitantes. Nos comprometemos a trabajar de la mano con las comunidades, generando un <\/span><b>impacto positivo<\/b><span style=\"font-weight: 400;\">, especialmente en poblaciones con menos acceso a oportunidades.<\/span><\/p>\t\t\t\t\t\t\t\t<\/div>\n\t\t\t\t<\/div>\n\t\t\t\t\t<\/div>\n\t\t\t\t<\/div>\n\t\t<div class=\"elementor-element elementor-element-c40e573 e-flex e-con-boxed e-con e-parent\" data-id=\"c40e573\" data-element_type=\"container\" data-e-type=\"container\">\n\t\t\t\t\t<div class=\"e-con-inner\">\n\t\t<div class=\"elementor-element elementor-element-9611252 e-con-full e-flex e-con e-child\" data-id=\"9611252\" data-element_type=\"container\" data-e-type=\"container\" data-settings='{\"background_background\":\"classic\"}'>\n\t\t\t\t<\/div>\n\t\t<div class=\"elementor-element elementor-element-8e2f409 e-con-full e-flex e-con e-child\" data-id=\"8e2f409\" data-element_type=\"container\" data-e-type=\"container\">\n\t\t\t\t<div class=\"elementor-element elementor-element-f16d146 elementor-widget elementor-widget-heading\" data-id=\"f16d146\" data-element_type=\"widget\" data-e-type=\"widget\" data-widget_type=\"heading.default\">\n\t\t\t\t<div class=\"elementor-widget-container\">\n\t\t\t\t\t<h2 class=\"elementor-heading-title elementor-size-default\">Apoyo a la comunidad<\/h2>\t\t\t\t<\/div>\n\t\t\t\t<\/div>\n\t\t\t\t<div class=\"elementor-element elementor-element-aa3617a elementor-widget elementor-widget-text-editor\" data-id=\"aa3617a\" data-element_type=\"widget\" data-e-type=\"widget\" data-widget_type=\"text-editor.default\">\n\t\t\t\t<div class=\"elementor-widget-container\">\n\t\t\t\t\t\t\t\t\t<p><span style=\"font-weight: 400;\">Colegio La Revuelta sede Jose Maria Cordoba: Con el prop\u00f3sito de aportar a la educaci\u00f3n en Colombia y fortalecer el v\u00ednculo con la comunidad de San Rafael, en Santa Marta, desde Senda Hotels apoyamos la mejora de la infraestructura del Colegio La Revuelta.<\/span><\/p><p><span style=\"font-weight: 400;\">Se adecu\u00f3 una de las bater\u00edas sanitarias existentes y se construy\u00f3 una nueva, incluyendo el cambio de baldosas, la instalaci\u00f3n de dos lavamanos, nuevas puertas en los cub\u00edculos y renovaci\u00f3n de la tuber\u00eda de desag\u00fce.<\/span><\/p><p><span style=\"font-weight: 400;\">Tambi\u00e9n se adecu\u00f3 el \u00e1rea del comedor con un techo completamente nuevo y se pint\u00f3 la fachada del colegio, mejorando su imagen y creando un entorno m\u00e1s acogedor.<\/span><\/p><p><span style=\"font-weight: 400;\">Estas acciones fueron orientadas a mejorar las condiciones f\u00edsicas del colegio, y brindar a los ni\u00f1os y j\u00f3venes espacios m\u00e1s seguros, c\u00f3modos y adecuados para aprender y crecer.<\/span><\/p>\t\t\t\t\t\t\t\t<\/div>\n\t\t\t\t<\/div>\n\t\t\t\t<\/div>\n\t\t\t\t\t<\/div>\n\t\t\t\t<\/div>\n\t\t<div class=\"elementor-element elementor-element-c59e7e8 e-flex e-con-boxed e-con e-parent\" data-id=\"c59e7e8\" data-element_type=\"container\" data-e-type=\"container\">\n\t\t\t\t\t<div class=\"e-con-inner\">\n\t\t<div class=\"elementor-element elementor-element-657e95a e-con-full elementor-hidden-desktop elementor-hidden-laptop elementor-hidden-tablet_extra elementor-hidden-tablet e-flex e-con e-child\" data-id=\"657e95a\" data-element_type=\"container\" data-e-type=\"container\" data-settings='{\"background_background\":\"classic\"}'>\n\t\t\t\t<\/div>\n\t\t<div class=\"elementor-element elementor-element-53c3900 e-con-full e-flex e-con e-child\" data-id=\"53c3900\" data-element_type=\"container\" data-e-type=\"container\">\n\t\t\t\t<div class=\"elementor-element elementor-element-f45d268 elementor-widget elementor-widget-heading\" data-id=\"f45d268\" data-element_type=\"widget\" data-e-type=\"widget\" data-widget_type=\"heading.default\">\n\t\t\t\t<div class=\"elementor-widget-container\">\n\t\t\t\t\t<h2 class=\"elementor-heading-title elementor-size-default\">Empleo Local<\/h2>\t\t\t\t<\/div>\n\t\t\t\t<\/div>\n\t\t\t\t<div class=\"elementor-element elementor-element-c302673 elementor-widget elementor-widget-text-editor\" data-id=\"c302673\" data-element_type=\"widget\" data-e-type=\"widget\" data-widget_type=\"text-editor.default\">\n\t\t\t\t<div class=\"elementor-widget-container\">\n\t\t\t\t\t\t\t\t\t<p><span style=\"font-weight: 400;\">Como parte de nuestro compromiso social buscamos la generaci\u00f3n de empleo local, brindando oportunidades laborales a personas de las comunidades cercanas a nuestros hoteles.\u00a0<\/span><\/p><p><span style=\"font-weight: 400;\">Esta estrategia no solo genera oportunidades reales para los habitantes de la regi\u00f3n, sino que tambi\u00e9n enriquece la experiencia de nuestros hu\u00e9spedes, quienes se conectan de manera aut\u00e9ntica con la cultura local a trav\u00e9s del conocimiento y la calidez de quienes habitan y cuidan estos destinos \u00fanicos.<\/span><\/p>\t\t\t\t\t\t\t\t<\/div>\n\t\t\t\t<\/div>\n\t\t\t\t<\/div>\n\t\t<div class=\"elementor-element elementor-element-30ff4f6 e-con-full elementor-hidden-mobile_extra elementor-hidden-mobile e-flex e-con e-child\" data-id=\"30ff4f6\" data-element_type=\"container\" data-e-type=\"container\" data-settings='{\"background_background\":\"classic\"}'>\n\t\t\t\t<\/div>\n\t\t\t\t\t<\/div>\n\t\t\t\t<\/div>\n\t\t\t\t<\/div>\n\t\t<\/div>","protected":false},"excerpt":{"rendered":"<p>Hoteles Senda Proyectos Comunitarios Nuestro impacto socioambiental en el Parque Tayrona En Senda Hotels creemos que el turismo tambi\u00e9n puede ser una fuerza transformadora para las comunidades locales. Por eso, desarrollamos proyectos comunitarios con enfoque social y ambiental, dise\u00f1ados para contribuir al bienestar de la regi\u00f3n y sus habitantes. Nos comprometemos a trabajar de la [&hellip;]<\/p>\n","protected":false},"author":2,"featured_media":0,"parent":0,"menu_order":0,"comment_status":"closed","ping_status":"closed","template":"","meta":{"_acf_changed":false,"footnotes":""},"class_list":["post-25087","page","type-page","status-publish","hentry"],"acf":[],"yoast_head":"<!-- This site is optimized with the Yoast SEO plugin v27.3 - https:\/\/yoast.com\/product\/yoast-seo-wordpress\/ -->\n<title>Proyectos Comunitarios | Senda Hotels y su Impacto Socioambiental en el Parque Tayrona<\/title>\n<meta name=\"description\" content=\"Descubre c\u00f3mo Senda Hotels impulsa proyectos comunitarios con enfoque social y ambiental que promueven la educaci\u00f3n, el desarrollo social y el empleo local en el Parque Tayrona.\" \/>\n<meta name=\"robots\" content=\"noindex, follow, max-snippet:-1, max-image-preview:large, max-video-preview:-1\" \/>\n<meta property=\"og:locale\" content=\"es_ES\" \/>\n<meta property=\"og:type\" content=\"article\" \/>\n<meta property=\"og:title\" content=\"Proyectos Comunitarios | Senda Hotels y su Impacto Socioambiental en el Parque Tayrona\" \/>\n<meta property=\"og:description\" content=\"Descubre c\u00f3mo Senda Hotels impulsa proyectos comunitarios con enfoque social y ambiental que promueven la educaci\u00f3n, el desarrollo social y el empleo local en el Parque Tayrona.\" \/>\n<meta property=\"og:url\" content=\"https:\/\/new.sendahotels.com\/es\/proyectos-comunitarios\/\" \/>\n<meta property=\"og:site_name\" content=\"Hoteles Senda\" \/>\n<meta property=\"article:modified_time\" content=\"2026-03-24T04:05:59+00:00\" \/>\n<meta name=\"twitter:card\" content=\"summary_large_image\" \/>\n<meta name=\"twitter:label1\" content=\"Est. reading time\" \/>\n\t<meta name=\"twitter:data1\" content=\"2 minutos\" \/>\n<script type=\"application\/ld+json\" class=\"yoast-schema-graph\">{\"@context\":\"https:\\\/\\\/schema.org\",\"@graph\":[{\"@type\":\"WebPage\",\"@id\":\"https:\\\/\\\/new.sendahotels.com\\\/es\\\/proyectos-comunitarios\\\/\",\"url\":\"https:\\\/\\\/new.sendahotels.com\\\/es\\\/proyectos-comunitarios\\\/\",\"name\":\"Proyectos Comunitarios | Senda Hotels y su Impacto Socioambiental en el Parque Tayrona\",\"isPartOf\":{\"@id\":\"https:\\\/\\\/new.sendahotels.com\\\/es\\\/#website\"},\"datePublished\":\"2025-07-16T04:24:16+00:00\",\"dateModified\":\"2026-03-24T04:05:59+00:00\",\"description\":\"Descubre c\u00f3mo Senda Hotels impulsa proyectos comunitarios con enfoque social y ambiental que promueven la educaci\u00f3n, el desarrollo social y el empleo local en el Parque Tayrona.\",\"breadcrumb\":{\"@id\":\"https:\\\/\\\/new.sendahotels.com\\\/es\\\/proyectos-comunitarios\\\/#breadcrumb\"},\"inLanguage\":\"es\",\"potentialAction\":[{\"@type\":\"ReadAction\",\"target\":[\"https:\\\/\\\/new.sendahotels.com\\\/es\\\/proyectos-comunitarios\\\/\"]}]},{\"@type\":\"BreadcrumbList\",\"@id\":\"https:\\\/\\\/new.sendahotels.com\\\/es\\\/proyectos-comunitarios\\\/#breadcrumb\",\"itemListElement\":[{\"@type\":\"ListItem\",\"position\":1,\"name\":\"Portada\",\"item\":\"https:\\\/\\\/new.sendahotels.com\\\/es\\\/home\\\/\"},{\"@type\":\"ListItem\",\"position\":2,\"name\":\"Proyectos Comunitarios\"}]},{\"@type\":\"WebSite\",\"@id\":\"https:\\\/\\\/new.sendahotels.com\\\/es\\\/#website\",\"url\":\"https:\\\/\\\/new.sendahotels.com\\\/es\\\/\",\"name\":\"Hoteles Senda\",\"description\":\"\",\"potentialAction\":[{\"@type\":\"SearchAction\",\"target\":{\"@type\":\"EntryPoint\",\"urlTemplate\":\"https:\\\/\\\/new.sendahotels.com\\\/es\\\/?s={search_term_string}\"},\"query-input\":{\"@type\":\"PropertyValueSpecification\",\"valueRequired\":true,\"valueName\":\"search_term_string\"}}],\"inLanguage\":\"es\"}]}<\/script>\n<!-- \/ Yoast SEO plugin. -->","yoast_head_json":{"title":"Proyectos Comunitarios | Senda Hotels y su Impacto Socioambiental en el Parque Tayrona","description":"Descubre c\u00f3mo Senda Hotels impulsa proyectos comunitarios con enfoque social y ambiental que promueven la educaci\u00f3n, el desarrollo social y el empleo local en el Parque Tayrona.","robots":{"index":"noindex","follow":"follow","max-snippet":"max-snippet:-1","max-image-preview":"max-image-preview:large","max-video-preview":"max-video-preview:-1"},"og_locale":"es_ES","og_type":"article","og_title":"Proyectos Comunitarios | Senda Hotels y su Impacto Socioambiental en el Parque Tayrona","og_description":"Descubre c\u00f3mo Senda Hotels impulsa proyectos comunitarios con enfoque social y ambiental que promueven la educaci\u00f3n, el desarrollo social y el empleo local en el Parque Tayrona.","og_url":"https:\/\/new.sendahotels.com\/es\/proyectos-comunitarios\/","og_site_name":"Hoteles Senda","article_modified_time":"2026-03-24T04:05:59+00:00","twitter_card":"summary_large_image","twitter_misc":{"Est. reading time":"2 minutos"},"schema":{"@context":"https:\/\/schema.org","@graph":[{"@type":"WebPage","@id":"https:\/\/new.sendahotels.com\/es\/proyectos-comunitarios\/","url":"https:\/\/new.sendahotels.com\/es\/proyectos-comunitarios\/","name":"Proyectos Comunitarios | Senda Hotels y su Impacto Socioambiental en el Parque Tayrona","isPartOf":{"@id":"https:\/\/new.sendahotels.com\/es\/#website"},"datePublished":"2025-07-16T04:24:16+00:00","dateModified":"2026-03-24T04:05:59+00:00","description":"Descubre c\u00f3mo Senda Hotels impulsa proyectos comunitarios con enfoque social y ambiental que promueven la educaci\u00f3n, el desarrollo social y el empleo local en el Parque Tayrona.","breadcrumb":{"@id":"https:\/\/new.sendahotels.com\/es\/proyectos-comunitarios\/#breadcrumb"},"inLanguage":"es","potentialAction":[{"@type":"ReadAction","target":["https:\/\/new.sendahotels.com\/es\/proyectos-comunitarios\/"]}]},{"@type":"BreadcrumbList","@id":"https:\/\/new.sendahotels.com\/es\/proyectos-comunitarios\/#breadcrumb","itemListElement":[{"@type":"ListItem","position":1,"name":"Portada","item":"https:\/\/new.sendahotels.com\/es\/home\/"},{"@type":"ListItem","position":2,"name":"Proyectos Comunitarios"}]},{"@type":"WebSite","@id":"https:\/\/new.sendahotels.com\/es\/#website","url":"https:\/\/new.sendahotels.com\/es\/","name":"Hoteles Senda","description":"","potentialAction":[{"@type":"SearchAction","target":{"@type":"EntryPoint","urlTemplate":"https:\/\/new.sendahotels.com\/es\/?s={search_term_string}"},"query-input":{"@type":"PropertyValueSpecification","valueRequired":true,"valueName":"search_term_string"}}],"inLanguage":"es"}]}},"_links":{"self":[{"href":"https:\/\/new.sendahotels.com\/es\/wp-json\/wp\/v2\/pages\/25087","targetHints":{"allow":["GET"]}}],"collection":[{"href":"https:\/\/new.sendahotels.com\/es\/wp-json\/wp\/v2\/pages"}],"about":[{"href":"https:\/\/new.sendahotels.com\/es\/wp-json\/wp\/v2\/types\/page"}],"author":[{"embeddable":true,"href":"https:\/\/new.sendahotels.com\/es\/wp-json\/wp\/v2\/users\/2"}],"replies":[{"embeddable":true,"href":"https:\/\/new.sendahotels.com\/es\/wp-json\/wp\/v2\/comments?post=25087"}],"version-history":[{"count":0,"href":"https:\/\/new.sendahotels.com\/es\/wp-json\/wp\/v2\/pages\/25087\/revisions"}],"wp:attachment":[{"href":"https:\/\/new.sendahotels.com\/es\/wp-json\/wp\/v2\/media?parent=25087"}],"curies":[{"name":"wp","href":"https:\/\/api.w.org\/{rel}","templated":true}]}}